{"id":570,"date":"2021-11-20T12:21:44","date_gmt":"2021-11-20T12:21:44","guid":{"rendered":"http:\/\/localhost\/?page_id=570"},"modified":"2021-11-20T12:21:46","modified_gmt":"2021-11-20T12:21:46","slug":"politica-de-privacidad","status":"publish","type":"page","link":"https:\/\/teixitsjeyfa.com\/es\/politica-de-privacidad\/","title":{"rendered":"Pol\u00edtica de privacidad"},"content":{"rendered":"<section  class='av_textblock_section av-kw7s3szf-933aed4766a23ed2aeddb945bb697f66 '   itemscope=\"itemscope\" itemtype=\"https:\/\/schema.org\/CreativeWork\" ><div class='avia_textblock'  itemprop=\"text\" ><p><main class=\"template-page content av-content-full alpha units\" role=\"main\"><\/p>\n<div class=\"post-entry post-entry-type-page post-entry-516\">\n<div class=\"entry-content-wrapper clearfix\">\n<section class=\"av_textblock_section \">\n<div class=\"avia_textblock \">\n<h1>Pol\u00edtica de Privacidad<\/h1>\n<\/div>\n<\/section>\n<section class=\"av_textblock_section \">\n<div class=\"avia_textblock \">\n<p>Con el fin de aplicar la m\u00e1xima transparencia en los tratamientos que realiza Tejidos de punto Jeyfa S.C.P en el marco de la recogida de datos personales relacionados con los tr\u00e1mites y\/o inscripciones para la prestaci\u00f3n de los servicios solicitados, publicamos la siguiente informaci\u00f3n:<\/p>\n<p>Tejidos de punto Jeyfa S.C.P , con domicilio en la calle Cosidores, 10 Pol\u00edgono Industrial Can Ribot 08319, Dosrius (Barcelona), es el Responsable del tratamiento de los datos personales del usuario o interesado, y lo informa que estos datos ser\u00e1n tratados en conformidad con el que dispone la normativa vigente en protecci\u00f3n de datos personales, el Reglamento (UE) 2016\/679 de 27 de abril de 2016 (GDPR) relativo a la protecci\u00f3n de las personas f\u00edsicas en cuanto al tratamiento de datos personales y a la libre circulaci\u00f3n de estos datos, y de acuerdo con la Ley Org\u00e1nica 3\/2018 de 5 de diciembre de Protecci\u00f3n de Datos Personales y garant\u00eda de los derechos digitales, por lo cual le facilita la siguiente informaci\u00f3n del tratamiento:<\/p>\n<h2>Finalidad del tratamiento<\/h2>\n<p>Los datos facilitados por el usuario o interesado ser\u00e1n utilizadas para la exclusiva gesti\u00f3n y realizaci\u00f3n del tr\u00e1mite o inscripci\u00f3n pedidos y con destino al servicio que sea lo competente para la gesti\u00f3n del servicio solicitado y su resoluci\u00f3n, seg\u00fan el autorizado a la legislaci\u00f3n vigente aplicable en cada momento.<\/p>\n<h2>Legitimaci\u00f3n del tratamiento<\/h2>\n<p>Tejidos de punto Jeyfa S.C.P est\u00e1 legitimada por el tratamiento de los datos de los interesados o usuarios que han facilitado sus datos personales de forma voluntaria, llenando los formularios o enviando un correo electr\u00f3nico y expresamente han consentido, con la aceptaci\u00f3n de las cl\u00e1usulas de protecci\u00f3n de datos y pol\u00edtica de privacidad, el tratamiento de las mismas con las finalidades antes mencionadas.<\/p>\n<p>El Usuario es el \u00fanico responsable de la procedencia, titularidad, totalidad, contenido, veracidad y exactitud de los datos, e informaci\u00f3n facilitada por \u00e9l mismo para las finalidades previstas en el Portal, las cuales estar\u00e1n sujetas a una estricta pol\u00edtica de confidencialidad y privacidad. Todo esto implica que Tejidos de punto Jeyfa S.C.P no asume la responsabilidad respeto la informaci\u00f3n y contenidos agasajados por el Usuario.<\/p>\n<p>En caso de que el usuario o interesado no facilite sus datos o se niegue al tratamiento no se podr\u00e1 ofrecer el servicio o enviar las comunicaciones.<\/p>\n<h2>Criterios de conservaci\u00f3n de los datos<\/h2>\n<p>Los datos se conservar\u00e1n mientras se mantenga la relaci\u00f3n de resoluci\u00f3n o prestaci\u00f3n del servicio solicitado y por aquel tiempo que la normativa mercantil, contable o fiscal aplicable establezca.<\/p>\n<p>Se dar\u00e1n de baja cuando se manifieste de forma expr\u00e9s que no hay un inter\u00e9s para mantener los datos para dar cumplimiento a alguna de las finalidades del tratamiento, y cuando ya no sea necesarias para tal finalidad.<br \/>\nLos datos se suprimir\u00e1n con medidas de seguridad adecuadas para garantizar la seudonimitzaci\u00f3 de los datos o la destrucci\u00f3n total de las mismas.<\/p>\n<h2>Comunicaci\u00f3n de los datos<\/h2>\n<p>Los datos personales facilitados por los usuarios o interesados no ser\u00e1n libradas a jefa otra persona f\u00edsica o jur\u00eddica sin el consentimiento expl\u00edcito del Usuario, ni tampoco se har\u00e1 un uso inadecuado.<\/p>\n<p>Tejidos de punto Jeyfa S.C.P se compromete al secreto profesional respecto a los datos incluidos a los tratamientos, obligaci\u00f3n que subsistir\u00e1 incluso despu\u00e9s de finalizar la relaci\u00f3n con el Usuario. Este deber de secreto afecta a todo el personal que pueda acceder y gestionar los datos que ha facilitado el Usuario registrado.<\/p>\n<h2>Derechos que asisten al Usuario<\/h2>\n<p>En cualquier momento puede ejercer sus derechos:<\/p>\n<p>Derecho de acceso, rectificaci\u00f3n, supresi\u00f3n, oposici\u00f3n de sus datos y de la limitaci\u00f3n a su tratamiento.<br \/>\nDerecho a la portabilidad de sus datos<br \/>\nDerecho a no ser objeto de decisiones individualizadas automatizadas, incluida la elaboraci\u00f3n de perfiles<br \/>\nDerecho a presentar una reclamaci\u00f3n ante la autoridad de control (agpd.es) si considera que el tratamiento no se ajusta a la normativa vigente.<\/p>\n<h2>Datos de contacto para ejercer sus derechos<\/h2>\n<p>Direcci\u00f3n postal: C\/ Cosidores, 10 Pol\u00edgono Industrial Can Ribot 08319, Dosrius (Barcelona)<br \/>\nDirecci\u00f3n electr\u00f3nica: info@teixitsjeyfa.com<\/p>\n<p>Indicar qu\u00e9 derecho se quiere ejercer e identificarse de forma fehaciente.<\/p>\n<h2>Informaci\u00f3n adicional<\/h2>\n<p>MEDIDAS DE SEGURIDAD. En conformidad con el que dispone la normativa vigente en protecci\u00f3n de datos personales, Tejidos de punto Jeyfa S.C.P est\u00e1 cumpliendo con todas las disposiciones de la normativas del RGPD, para el tratamiento de los datos personales de su responsabilidad, y manifiestamente con los principios descritos en el art\u00edculo 5 del RGPD, por los cuales son tratados de manera l\u00edcita, leal y transparente en relaci\u00f3n con el interesado y adecuadas, pertinentes y limitadas al que es necesario en relaci\u00f3n con los fines para los cuales son tratados.<\/p>\n<p>Tejidos de punto Jeyfa S.C.P garantiza que ha implementado pol\u00edticas t\u00e9cnicas y organizativas apropiadas para aplicar las medidas de seguridad que establece el RGPD, para proteger los derechos y libertades de los Usuarios y los ha comunicado la informaci\u00f3n adecuada porque puedan ejercerlos.<\/p>\n<\/div>\n<\/section>\n<\/div>\n<\/div>\n<p><\/main><\/p>\n<\/div><\/section>\n","protected":false},"excerpt":{"rendered":"","protected":false},"author":1,"featured_media":0,"parent":0,"menu_order":0,"comment_status":"closed","ping_status":"closed","template":"","meta":{"footnotes":""},"class_list":["post-570","page","type-page","status-publish","hentry"],"yoast_head":"<!-- This site is optimized with the Yoast SEO plugin v27.6 - https:\/\/yoast.com\/product\/yoast-seo-wordpress\/ -->\n<title>Pol\u00edtica de privacidad - Tejidos de punto Jeyfa S.C.P<\/title>\n<meta name=\"robots\" content=\"index, follow, max-snippet:-1, max-image-preview:large, max-video-preview:-1\" \/>\n<link rel=\"canonical\" href=\"https:\/\/teixitsjeyfa.com\/es\/politica-de-privacidad\/\" \/>\n<meta property=\"og:locale\" content=\"es_ES\" \/>\n<meta property=\"og:type\" content=\"article\" \/>\n<meta property=\"og:title\" content=\"Pol\u00edtica de privacidad - Tejidos de punto Jeyfa S.C.P\" \/>\n<meta property=\"og:url\" content=\"https:\/\/teixitsjeyfa.com\/es\/politica-de-privacidad\/\" \/>\n<meta property=\"og:site_name\" content=\"Tejidos de punto Jeyfa S.C.P\" \/>\n<meta property=\"article:modified_time\" content=\"2021-11-20T12:21:46+00:00\" \/>\n<meta name=\"twitter:card\" content=\"summary_large_image\" \/>\n<script type=\"application\/ld+json\" class=\"yoast-schema-graph\">{\"@context\":\"https:\\\/\\\/schema.org\",\"@graph\":[{\"@type\":\"WebPage\",\"@id\":\"https:\\\/\\\/teixitsjeyfa.com\\\/es\\\/politica-de-privacidad\\\/\",\"url\":\"https:\\\/\\\/teixitsjeyfa.com\\\/es\\\/politica-de-privacidad\\\/\",\"name\":\"Pol\u00edtica de privacidad - Tejidos de punto Jeyfa S.C.P\",\"isPartOf\":{\"@id\":\"https:\\\/\\\/teixitsjeyfa.com\\\/es\\\/#website\"},\"datePublished\":\"2021-11-20T12:21:44+00:00\",\"dateModified\":\"2021-11-20T12:21:46+00:00\",\"breadcrumb\":{\"@id\":\"https:\\\/\\\/teixitsjeyfa.com\\\/es\\\/politica-de-privacidad\\\/#breadcrumb\"},\"inLanguage\":\"es\",\"potentialAction\":[{\"@type\":\"ReadAction\",\"target\":[\"https:\\\/\\\/teixitsjeyfa.com\\\/es\\\/politica-de-privacidad\\\/\"]}]},{\"@type\":\"BreadcrumbList\",\"@id\":\"https:\\\/\\\/teixitsjeyfa.com\\\/es\\\/politica-de-privacidad\\\/#breadcrumb\",\"itemListElement\":[{\"@type\":\"ListItem\",\"position\":1,\"name\":\"Inici\",\"item\":\"https:\\\/\\\/teixitsjeyfa.com\\\/es\\\/home\\\/\"},{\"@type\":\"ListItem\",\"position\":2,\"name\":\"Pol\u00edtica de privacidad\"}]},{\"@type\":\"WebSite\",\"@id\":\"https:\\\/\\\/teixitsjeyfa.com\\\/es\\\/#website\",\"url\":\"https:\\\/\\\/teixitsjeyfa.com\\\/es\\\/\",\"name\":\"Tejidos de punto Jeyfa S.C.P\",\"description\":\"Otro sitio realizado con WordPress\",\"potentialAction\":[{\"@type\":\"SearchAction\",\"target\":{\"@type\":\"EntryPoint\",\"urlTemplate\":\"https:\\\/\\\/teixitsjeyfa.com\\\/es\\\/?s={search_term_string}\"},\"query-input\":{\"@type\":\"PropertyValueSpecification\",\"valueRequired\":true,\"valueName\":\"search_term_string\"}}],\"inLanguage\":\"es\"}]}<\/script>\n<!-- \/ Yoast SEO plugin. -->","yoast_head_json":{"title":"Pol\u00edtica de privacidad - Tejidos de punto Jeyfa S.C.P","robots":{"index":"index","follow":"follow","max-snippet":"max-snippet:-1","max-image-preview":"max-image-preview:large","max-video-preview":"max-video-preview:-1"},"canonical":"https:\/\/teixitsjeyfa.com\/es\/politica-de-privacidad\/","og_locale":"es_ES","og_type":"article","og_title":"Pol\u00edtica de privacidad - Tejidos de punto Jeyfa S.C.P","og_url":"https:\/\/teixitsjeyfa.com\/es\/politica-de-privacidad\/","og_site_name":"Tejidos de punto Jeyfa S.C.P","article_modified_time":"2021-11-20T12:21:46+00:00","twitter_card":"summary_large_image","schema":{"@context":"https:\/\/schema.org","@graph":[{"@type":"WebPage","@id":"https:\/\/teixitsjeyfa.com\/es\/politica-de-privacidad\/","url":"https:\/\/teixitsjeyfa.com\/es\/politica-de-privacidad\/","name":"Pol\u00edtica de privacidad - Tejidos de punto Jeyfa S.C.P","isPartOf":{"@id":"https:\/\/teixitsjeyfa.com\/es\/#website"},"datePublished":"2021-11-20T12:21:44+00:00","dateModified":"2021-11-20T12:21:46+00:00","breadcrumb":{"@id":"https:\/\/teixitsjeyfa.com\/es\/politica-de-privacidad\/#breadcrumb"},"inLanguage":"es","potentialAction":[{"@type":"ReadAction","target":["https:\/\/teixitsjeyfa.com\/es\/politica-de-privacidad\/"]}]},{"@type":"BreadcrumbList","@id":"https:\/\/teixitsjeyfa.com\/es\/politica-de-privacidad\/#breadcrumb","itemListElement":[{"@type":"ListItem","position":1,"name":"Inici","item":"https:\/\/teixitsjeyfa.com\/es\/home\/"},{"@type":"ListItem","position":2,"name":"Pol\u00edtica de privacidad"}]},{"@type":"WebSite","@id":"https:\/\/teixitsjeyfa.com\/es\/#website","url":"https:\/\/teixitsjeyfa.com\/es\/","name":"Tejidos de punto Jeyfa S.C.P","description":"Otro sitio realizado con WordPress","potentialAction":[{"@type":"SearchAction","target":{"@type":"EntryPoint","urlTemplate":"https:\/\/teixitsjeyfa.com\/es\/?s={search_term_string}"},"query-input":{"@type":"PropertyValueSpecification","valueRequired":true,"valueName":"search_term_string"}}],"inLanguage":"es"}]}},"_links":{"self":[{"href":"https:\/\/teixitsjeyfa.com\/es\/wp-json\/wp\/v2\/pages\/570","targetHints":{"allow":["GET"]}}],"collection":[{"href":"https:\/\/teixitsjeyfa.com\/es\/wp-json\/wp\/v2\/pages"}],"about":[{"href":"https:\/\/teixitsjeyfa.com\/es\/wp-json\/wp\/v2\/types\/page"}],"author":[{"embeddable":true,"href":"https:\/\/teixitsjeyfa.com\/es\/wp-json\/wp\/v2\/users\/1"}],"replies":[{"embeddable":true,"href":"https:\/\/teixitsjeyfa.com\/es\/wp-json\/wp\/v2\/comments?post=570"}],"version-history":[{"count":1,"href":"https:\/\/teixitsjeyfa.com\/es\/wp-json\/wp\/v2\/pages\/570\/revisions"}],"predecessor-version":[{"id":571,"href":"https:\/\/teixitsjeyfa.com\/es\/wp-json\/wp\/v2\/pages\/570\/revisions\/571"}],"wp:attachment":[{"href":"https:\/\/teixitsjeyfa.com\/es\/wp-json\/wp\/v2\/media?parent=570"}],"curies":[{"name":"wp","href":"https:\/\/api.w.org\/{rel}","templated":true}]}}