{"id":786,"date":"2021-11-25T16:32:00","date_gmt":"2021-11-25T16:32:00","guid":{"rendered":"https:\/\/teixitsjeyfa.com\/cookies-policy\/"},"modified":"2021-11-25T16:51:34","modified_gmt":"2021-11-25T16:51:34","slug":"cookies-policy","status":"publish","type":"page","link":"https:\/\/teixitsjeyfa.com\/en\/cookies-policy\/","title":{"rendered":"Cookies Policy"},"content":{"rendered":"<section  class='av_textblock_section av-kwafnohx-df7bb77eca7535d71e5a363e27d843de '   itemscope=\"itemscope\" itemtype=\"https:\/\/schema.org\/CreativeWork\" ><div class='avia_textblock'  itemprop=\"text\" ><section class=\"av_textblock_section \">\n<div class=\"avia_textblock  \">\n<h1>Pol\u00edtica de Cookies<\/h1>\n<\/div>\n<\/section>\n<section class=\"av_textblock_section \">\n<div class=\"avia_textblock  \"><main class=\"template-page content av-content-full alpha units\"><\/p>\n<div class=\"post-entry post-entry-type-page post-entry-10236\">\n<div class=\"entry-content-wrapper clearfix\">\n<section class=\"av_textblock_section \">\n<h2 class=\"avia_textblock \">\u00bfQu\u00e9 son las cookies?<\/h2>\n<div class=\"avia_textblock \">\n<p>Una galleta o cookie es un fichero que se descarga en tu ordenador al acceder a determinadas llanuras web. Las cookies permiten en una p\u00e1gina web, entre otras cosas, almacenar y recuperar informaci\u00f3n sobre los h\u00e1bitos de navegaci\u00f3n de un usuario o de su equipo y, dependiendo de la informaci\u00f3n que contengan y de la forma en que utilice su equipo, pueden utilizarse para reconocer al usuario.<\/p>\n<h2>Tipo de cookies<\/h2>\n<p>\u2013 Seg\u00fan qui\u00e9n sea la entidad que gestione el dominio desde donde se env\u00edan las cookies y trate los datos que se obtengan, se pueden distinguir dos tipos: cookies propias y cookies de terceros.<br \/>\n\u2013 Existe tambi\u00e9n una segunda clasificaci\u00f3n seg\u00fan el plazo de tiempo que permanecen almacenadas en el navegador del cliente, pudiendo tratarse de cookies de sesi\u00f3n o cookies persistentes.<br \/>\n\u2013 Existe otra clasificaci\u00f3n con cinco tipos de cookies seg\u00fan la finalidad por la cual se traten los datos obtenidos: cookies t\u00e9cnicas, cookies de personalizaci\u00f3n, cookies de an\u00e1lisis, cookies publicitarias y cookies de publicidad comportamental.<\/p>\n<h2>\u00bfQu\u00e9 tipo de cookies utiliza esta p\u00e1gina web?<\/h2>\n<p>Tejidos Jeyfa S.C.P utiliza en este web varios tipos de cookies con la \u00fanica finalidad de mejorar la navegaci\u00f3n del usuario en este sitio web, sin ning\u00fan tipo de objetivo publicitario o similar. Todas las cookies, excepto la usada por Google Analytics, son temporales y desaparecen al cerrar la sesi\u00f3n. A continuaci\u00f3n se identifican las cookies que est\u00e1n siendo utilizadas en este portal as\u00ed como su tipolog\u00eda y funci\u00f3n:<\/p>\n<p>\u2013 Cookies de an\u00e1lisis: Son aquellas que, muy tratadas por nosotros o por terceros, nos permiten cuantificar el n\u00famero de usuarios y as\u00ed realizar la medici\u00f3n y an\u00e1lisis estad\u00edstico de la utilizaci\u00f3n que hacen los usuarios del servicio ofrecido. Para lo cual, con el fin de mejorar la oferta de productos o servicios que te ofrecemos, se analiza tu navegaci\u00f3n en nuestra p\u00e1gina. Tejidos Jeyfa S.C.P en utiliza Google Analytics, un servicio de anal\u00edtica web desarrollada por Google, que permite la medici\u00f3n y an\u00e1lisis de la navegaci\u00f3n a las p\u00e1ginas web. En tu navegador podr\u00e1s observar 4 cookies de este servicio. Seg\u00fan la tipolog\u00eda anterior se trata de cookies propias, de sesi\u00f3n y de an\u00e1lisis. Puedes encontrar m\u00e1s informaci\u00f3n sobre este tema e inhabilitar el uso de estas cookies a la p\u00e1gina de protecci\u00f3n de datos de Google. A trav\u00e9s de la anal\u00edtica web no se obtiene informaci\u00f3n sobre tus datos personales. La informaci\u00f3n que se obtiene es la relativa al n\u00famero de usuarios que acceden en la web, el n\u00famero de p\u00e1ginas vistas, la frecuencia y repetici\u00f3n de las visitas, su duraci\u00f3n, el navegador utilizado, el operador que presta el servicio, el idioma, el terminal que utiliza, o la ciudad a la cual est\u00e1 asignada su direcci\u00f3n IP. Informaci\u00f3n que posibilita un mejor y m\u00e1s apropiado servicio por parte de este portal. Si se desactivan estas cookies el web podr\u00e1 seguir funcionando.<\/p>\n<p>\u2013 Cookies de tipo t\u00e9cnico: Son necesarias para la correcta navegaci\u00f3n por las p\u00e1ginas web. Gestiona el consentimiento del usuario ante el uso de las cookies a la p\u00e1gina web, con el objeto de evitar la excesiva molestia que pueda suponer mostrar repetidamente informaci\u00f3n sobre la pol\u00edtica de cookies en la parte inferior de la web a aquellas personas que hayan aceptado la misma. Si se desactivan estas cookies, no se recibir\u00e1n correctamente los contenidos del sitio web.<\/p>\n<p>\u2013 Cookies de redes sociales: Son utilizadas para que puedas interactuar con diferentes plataformas sociales (Facebook, YouTube, Twitter, Flickr, etc.) y se generan \u00fanicamente para los usuarios de estas redes sociales. Las condiciones de uso de estas cookies y la informaci\u00f3n almacenada se regula por la pol\u00edtica de privacidad de la plataforma en cuesti\u00f3n.<\/p>\n<h2>Aceptaci\u00f3n de la Pol\u00edtica de cookies<\/h2>\n<p>Tejidos Jeyfa S.C.P muestra informaci\u00f3n sobre su Pol\u00edtica de cookies en la parte inferior, al mismo mensaje de aceptaci\u00f3n.<br \/>\nAnte esta informaci\u00f3n es posible llevar a cabo las siguientes acciones:<\/p>\n<p>Aceptar cookies: Si aceptas clicando al bot\u00f3n habilitado con cuyo objeto no volver\u00e1s a visualizar este aviso en este web.<br \/>\nSeguir navegando: Puedes ignorar esta informaci\u00f3n y proseguir con la navegaci\u00f3n normal por el web. En este caso, el aviso se volver\u00e1 a mostrar la pr\u00f3xima vez que entres al web hasta que cliques al bot\u00f3n de aceptar.<\/p>\n<h2>Como modificar la configuraci\u00f3n de las cookies<\/h2>\n<p>Puedes restringir, bloquear o borrar las cookies utilizando tu navegador. En cada navegador la operativa es diferente. Aqu\u00ed tenso los enlaces para hacerlo con algunos de los navegadores m\u00e1s populares:<\/p>\n<ul>\n<li><a href=\"http:\/\/support.mozilla.org\/es\/kb\/habilitar-y-deshabilitar-cookies-que-los-sitios-we\">Firefox<\/a><\/li>\n<li><a href=\"https:\/\/support.google.com\/chrome\/answer\/95647?hl=es\">Chrome<\/a><\/li>\n<li><a href=\"http:\/\/windows.microsoft.com\/es-es\/windows-vista\/block-or-allow-cookies\">Internet Explorer<\/a><\/li>\n<li><a href=\"http:\/\/support.apple.com\/kb\/ht1677?viewlocale=es_es&amp;locale=es_es\">Safari<\/a><\/li>\n<li><a href=\"https:\/\/support.microsoft.com\/es-es\/help\/4468242\/microsoft-edge-browsing-data-and-privacy\">Microsoft Edge<\/a><\/li>\n<\/ul>\n<\/div>\n<\/section>\n<\/div>\n<\/div>\n<p><\/main><\/div>\n<\/section>\n<\/div><\/section>\n","protected":false},"excerpt":{"rendered":"","protected":false},"author":1,"featured_media":0,"parent":0,"menu_order":0,"comment_status":"closed","ping_status":"closed","template":"","meta":{"footnotes":""},"class_list":["post-786","page","type-page","status-publish","hentry"],"yoast_head":"<!-- This site is optimized with the Yoast SEO plugin v27.6 - https:\/\/yoast.com\/product\/yoast-seo-wordpress\/ -->\n<title>Cookies Policy - Tejidos de punto Jeyfa S.C.P<\/title>\n<meta name=\"robots\" content=\"index, follow, max-snippet:-1, max-image-preview:large, max-video-preview:-1\" \/>\n<link rel=\"canonical\" href=\"https:\/\/teixitsjeyfa.com\/en\/cookies-policy\/\" \/>\n<meta property=\"og:locale\" content=\"en_US\" \/>\n<meta property=\"og:type\" content=\"article\" \/>\n<meta property=\"og:title\" content=\"Cookies Policy - Tejidos de punto Jeyfa S.C.P\" \/>\n<meta property=\"og:url\" content=\"https:\/\/teixitsjeyfa.com\/en\/cookies-policy\/\" \/>\n<meta property=\"og:site_name\" content=\"Tejidos de punto Jeyfa S.C.P\" \/>\n<meta property=\"article:modified_time\" content=\"2021-11-25T16:51:34+00:00\" \/>\n<meta name=\"twitter:card\" content=\"summary_large_image\" \/>\n<script type=\"application\/ld+json\" class=\"yoast-schema-graph\">{\"@context\":\"https:\\\/\\\/schema.org\",\"@graph\":[{\"@type\":\"WebPage\",\"@id\":\"https:\\\/\\\/teixitsjeyfa.com\\\/en\\\/cookies-policy\\\/\",\"url\":\"https:\\\/\\\/teixitsjeyfa.com\\\/en\\\/cookies-policy\\\/\",\"name\":\"Cookies Policy - Tejidos de punto Jeyfa S.C.P\",\"isPartOf\":{\"@id\":\"https:\\\/\\\/teixitsjeyfa.com\\\/en\\\/#website\"},\"datePublished\":\"2021-11-25T16:32:00+00:00\",\"dateModified\":\"2021-11-25T16:51:34+00:00\",\"breadcrumb\":{\"@id\":\"https:\\\/\\\/teixitsjeyfa.com\\\/en\\\/cookies-policy\\\/#breadcrumb\"},\"inLanguage\":\"en-US\",\"potentialAction\":[{\"@type\":\"ReadAction\",\"target\":[\"https:\\\/\\\/teixitsjeyfa.com\\\/en\\\/cookies-policy\\\/\"]}]},{\"@type\":\"BreadcrumbList\",\"@id\":\"https:\\\/\\\/teixitsjeyfa.com\\\/en\\\/cookies-policy\\\/#breadcrumb\",\"itemListElement\":[{\"@type\":\"ListItem\",\"position\":1,\"name\":\"Inici\",\"item\":\"https:\\\/\\\/teixitsjeyfa.com\\\/en\\\/home\\\/\"},{\"@type\":\"ListItem\",\"position\":2,\"name\":\"Cookies Policy\"}]},{\"@type\":\"WebSite\",\"@id\":\"https:\\\/\\\/teixitsjeyfa.com\\\/en\\\/#website\",\"url\":\"https:\\\/\\\/teixitsjeyfa.com\\\/en\\\/\",\"name\":\"Tejidos de punto Jeyfa S.C.P\",\"description\":\"Otro sitio realizado con WordPress\",\"potentialAction\":[{\"@type\":\"SearchAction\",\"target\":{\"@type\":\"EntryPoint\",\"urlTemplate\":\"https:\\\/\\\/teixitsjeyfa.com\\\/en\\\/?s={search_term_string}\"},\"query-input\":{\"@type\":\"PropertyValueSpecification\",\"valueRequired\":true,\"valueName\":\"search_term_string\"}}],\"inLanguage\":\"en-US\"}]}<\/script>\n<!-- \/ Yoast SEO plugin. -->","yoast_head_json":{"title":"Cookies Policy - Tejidos de punto Jeyfa S.C.P","robots":{"index":"index","follow":"follow","max-snippet":"max-snippet:-1","max-image-preview":"max-image-preview:large","max-video-preview":"max-video-preview:-1"},"canonical":"https:\/\/teixitsjeyfa.com\/en\/cookies-policy\/","og_locale":"en_US","og_type":"article","og_title":"Cookies Policy - Tejidos de punto Jeyfa S.C.P","og_url":"https:\/\/teixitsjeyfa.com\/en\/cookies-policy\/","og_site_name":"Tejidos de punto Jeyfa S.C.P","article_modified_time":"2021-11-25T16:51:34+00:00","twitter_card":"summary_large_image","schema":{"@context":"https:\/\/schema.org","@graph":[{"@type":"WebPage","@id":"https:\/\/teixitsjeyfa.com\/en\/cookies-policy\/","url":"https:\/\/teixitsjeyfa.com\/en\/cookies-policy\/","name":"Cookies Policy - Tejidos de punto Jeyfa S.C.P","isPartOf":{"@id":"https:\/\/teixitsjeyfa.com\/en\/#website"},"datePublished":"2021-11-25T16:32:00+00:00","dateModified":"2021-11-25T16:51:34+00:00","breadcrumb":{"@id":"https:\/\/teixitsjeyfa.com\/en\/cookies-policy\/#breadcrumb"},"inLanguage":"en-US","potentialAction":[{"@type":"ReadAction","target":["https:\/\/teixitsjeyfa.com\/en\/cookies-policy\/"]}]},{"@type":"BreadcrumbList","@id":"https:\/\/teixitsjeyfa.com\/en\/cookies-policy\/#breadcrumb","itemListElement":[{"@type":"ListItem","position":1,"name":"Inici","item":"https:\/\/teixitsjeyfa.com\/en\/home\/"},{"@type":"ListItem","position":2,"name":"Cookies Policy"}]},{"@type":"WebSite","@id":"https:\/\/teixitsjeyfa.com\/en\/#website","url":"https:\/\/teixitsjeyfa.com\/en\/","name":"Tejidos de punto Jeyfa S.C.P","description":"Otro sitio realizado con WordPress","potentialAction":[{"@type":"SearchAction","target":{"@type":"EntryPoint","urlTemplate":"https:\/\/teixitsjeyfa.com\/en\/?s={search_term_string}"},"query-input":{"@type":"PropertyValueSpecification","valueRequired":true,"valueName":"search_term_string"}}],"inLanguage":"en-US"}]}},"_links":{"self":[{"href":"https:\/\/teixitsjeyfa.com\/en\/wp-json\/wp\/v2\/pages\/786","targetHints":{"allow":["GET"]}}],"collection":[{"href":"https:\/\/teixitsjeyfa.com\/en\/wp-json\/wp\/v2\/pages"}],"about":[{"href":"https:\/\/teixitsjeyfa.com\/en\/wp-json\/wp\/v2\/types\/page"}],"author":[{"embeddable":true,"href":"https:\/\/teixitsjeyfa.com\/en\/wp-json\/wp\/v2\/users\/1"}],"replies":[{"embeddable":true,"href":"https:\/\/teixitsjeyfa.com\/en\/wp-json\/wp\/v2\/comments?post=786"}],"version-history":[{"count":9,"href":"https:\/\/teixitsjeyfa.com\/en\/wp-json\/wp\/v2\/pages\/786\/revisions"}],"predecessor-version":[{"id":806,"href":"https:\/\/teixitsjeyfa.com\/en\/wp-json\/wp\/v2\/pages\/786\/revisions\/806"}],"wp:attachment":[{"href":"https:\/\/teixitsjeyfa.com\/en\/wp-json\/wp\/v2\/media?parent=786"}],"curies":[{"name":"wp","href":"https:\/\/api.w.org\/{rel}","templated":true}]}}